{"id":3038,"date":"2025-11-26T12:00:20","date_gmt":"2025-11-26T11:00:20","guid":{"rendered":"https:\/\/camping-premorjal.com\/restaurant\/"},"modified":"2026-02-25T10:52:01","modified_gmt":"2026-02-25T09:52:01","slug":"restaurant","status":"publish","type":"page","link":"https:\/\/camping-premorjal.com\/en\/restaurant\/","title":{"rendered":"Restaurant"},"content":{"rendered":"<p>[et_pb_section fb_built=&#8221;1&#8243; specialty=&#8221;on&#8221; module_class_2=&#8221;ILD_galerie_3_img ILD_margin_r_10&#8243; module_class=&#8221;ILD_row_special_80&#8243; _builder_version=&#8221;4.27.4&#8243; _module_preset=&#8221;default&#8221; locked=&#8221;off&#8221; global_colors_info=&#8221;{}&#8221;][et_pb_column type=&#8221;1_2&#8243; specialty_columns=&#8221;2&#8243; _builder_version=&#8221;4.16&#8243; custom_padding=&#8221;|||&#8221; global_colors_info=&#8221;{}&#8221; custom_padding__hover=&#8221;|||&#8221;][et_pb_row_inner _builder_version=&#8221;4.27.4&#8243; _module_preset=&#8221;default&#8221; global_colors_info=&#8221;{}&#8221;][et_pb_column_inner saved_specialty_column_type=&#8221;1_2&#8243; _builder_version=&#8221;4.27.4&#8243; _module_preset=&#8221;default&#8221; global_colors_info=&#8221;{}&#8221;][et_pb_text module_class=&#8221;ILD_titre_font_sansita ILD_font_size_40  ILD_lien_violet_fonce&#8221; _builder_version=&#8221;4.27.4&#8243; _module_preset=&#8221;default&#8221; global_colors_info=&#8221;{}&#8221;]<\/p>\n<h1>Les Cayrelles restaurant at Le Pr\u00e9 Morjal campsite<\/h1>\n<p>&nbsp;<\/p>\n<p>During your stay at Le Pr\u00e9 Morjal campsite, enjoy our on-site restaurant, open to all <strong>guests staying in <a href=\"https:\/\/camping-premorjal.com\/tente-bengalis-5-personnes-lozere-nature\/\">tents<\/a><\/strong>, <strong><a href=\"https:\/\/camping-premorjal.com\/chalets-bois-6-personnes-piscine-lozere\/\">chalets<\/a><\/strong>, <strong><a href=\"https:\/\/camping-premorjal.com\/mobil-homes-7-personnes-lozere-ispagnac\/\">mobile homes<\/a><\/strong>, or on <strong><a href=\"https:\/\/camping-premorjal.com\/emplacements-tente-camping-car-lozere\/\">pitches<\/a><\/strong>, as well as to anyone outside the campsite who would like to try our delicious pizzas.<br \/>It is advisable to book in advance!<br \/><strong><a href=\"https:\/\/mymenuweb.com\/fr\/restaurants\/71041\/?utm_source=google_profile&amp;utm_medium=google_profile&amp;utm_campaign=admin\" target=\"_blank\" rel=\"noopener\">Les Cayrelles pizzeria<\/a><\/strong> is a popular, friendly place where families and friends can get together after a day of exploring <strong>Loz\u00e8re<\/strong>.<\/p>\n<p>Located in the heart of the <strong>campground<\/strong>, our restaurant allows you to enjoy a meal without having to drive, in a relaxed and warm atmosphere typical of <strong>camping vacations with a pizzeria in Ispagnac<\/strong>.<\/p>\n<p>[\/et_pb_text][\/et_pb_column_inner][\/et_pb_row_inner][et_pb_row_inner _builder_version=&#8221;4.27.4&#8243; _module_preset=&#8221;default&#8221; animation_style=&#8221;slide&#8221; animation_direction=&#8221;bottom&#8221; global_colors_info=&#8221;{}&#8221;][et_pb_column_inner saved_specialty_column_type=&#8221;1_2&#8243; module_class=&#8221;ILD_display_flex ild_display_block_500 ild_colonne_trois_blocs_500&#8243; _builder_version=&#8221;4.27.4&#8243; _module_preset=&#8221;default&#8221; global_colors_info=&#8221;{}&#8221;][et_pb_number_counter title=&#8221;opening nights&#8221; number=&#8221;7&#8243; percent_sign=&#8221;off&#8221; title_last_edited=&#8221;off|desktop&#8221; module_class=&#8221;ILD_texte_blanc ILD_titre_blanc ILD_margin_b_0 ILD_padding_10 ILD_titre_font_albert ILD_background_violet ILD_border_radius_20 ILD_trois_blocs ILD_margin_r_10&#8243; _builder_version=&#8221;4.27.4&#8243; _module_preset=&#8221;default&#8221; global_colors_info=&#8221;{}&#8221;][\/et_pb_number_counter][et_pb_number_counter title=&#8221;pizza selection&#8221; number=&#8221;15&#8243; percent_sign=&#8221;off&#8221; title_last_edited=&#8221;off|desktop&#8221; module_class=&#8221;ILD_texte_blanc ILD_titre_blanc ILD_margin_b_0 ILD_padding_10 ILD_titre_font_albert ILD_background_violet ILD_border_radius_20 ILD_trois_blocs ILD_margin_r_10&#8243; _builder_version=&#8221;4.27.4&#8243; _module_preset=&#8221;default&#8221; global_colors_info=&#8221;{}&#8221;][\/et_pb_number_counter][et_pb_number_counter title=&#8221;once a week an event&#8221; number=&#8221;1&#8243; percent_sign=&#8221;off&#8221; title_last_edited=&#8221;off|desktop&#8221; module_class=&#8221; ILD_texte_blanc ILD_titre_blanc ILD_padding_10 ILD_titre_font_albert ILD_background_violet ILD_border_radius_20 ILD_trois_blocs&#8221; _builder_version=&#8221;4.27.4&#8243; _module_preset=&#8221;default&#8221; global_colors_info=&#8221;{}&#8221;][\/et_pb_number_counter][\/et_pb_column_inner][\/et_pb_row_inner][\/et_pb_column][et_pb_column type=&#8221;1_4&#8243; _builder_version=&#8221;4.16&#8243; custom_padding=&#8221;|||&#8221; global_colors_info=&#8221;{}&#8221; custom_padding__hover=&#8221;|||&#8221;][et_pb_image src=&#8221;https:\/\/camping-premorjal.com\/wp-content\/uploads\/2026\/01\/img_camping_restaurant_pizzeria.jpg&#8221; alt=&#8221;Dining area with Les Cayrelles pizzeria at the 3-star campsite in Loz\u00e8re&#8221; title_text=&#8221;Dining area with Les Cayrelles pizzeria at the 3-star campsite in Loz\u00e8re&#8221; show_in_lightbox=&#8221;on&#8221; module_class=&#8221;ILD_margin_b_10 ILD_border_radius_15&#8243; _builder_version=&#8221;4.27.4&#8243; _module_preset=&#8221;default&#8221; animation_style=&#8221;slide&#8221; animation_direction=&#8221;right&#8221; locked=&#8221;off&#8221; global_colors_info=&#8221;{}&#8221;][\/et_pb_image][et_pb_image src=&#8221;https:\/\/camping-premorjal.com\/wp-content\/uploads\/2026\/01\/img_camping_espace_restauration.jpg&#8221; alt=&#8221;Evening entertainment at the campsite and pizzeria at Le Pr\u00e9 Morjal campsite in Ispagnac&#8221; title_text=&#8221;Evening entertainment at the campsite and pizzeria at Le Pr\u00e9 Morjal campsite in Ispagnac&#8221; show_in_lightbox=&#8221;on&#8221; module_class=&#8221;ILD_border_radius_15&#8243; _builder_version=&#8221;4.27.4&#8243; _module_preset=&#8221;default&#8221; animation_style=&#8221;slide&#8221; animation_direction=&#8221;right&#8221; locked=&#8221;off&#8221; global_colors_info=&#8221;{}&#8221;][\/et_pb_image][\/et_pb_column][et_pb_column type=&#8221;1_4&#8243; _builder_version=&#8221;4.16&#8243; custom_padding=&#8221;|||&#8221; global_colors_info=&#8221;{}&#8221; custom_padding__hover=&#8221;|||&#8221;][et_pb_image src=&#8221;https:\/\/camping-premorjal.com\/wp-content\/uploads\/2026\/01\/img_pizzeria_les_cayrelles_ispagnac.jpg&#8221; alt=&#8221;Pizza made by Les Cayrelles pizzeria in Ispagnac, Loz\u00e8re&#8221; title_text=&#8221;Pizza made by Les Cayrelles pizzeria in Ispagnac, Loz\u00e8re&#8221; show_in_lightbox=&#8221;on&#8221; module_class=&#8221;ILD_margin_r_10 ILD_galerie_600 ILD_border_radius_15&#8243; _builder_version=&#8221;4.27.4&#8243; _module_preset=&#8221;default&#8221; animation_style=&#8221;slide&#8221; animation_direction=&#8221;right&#8221; locked=&#8221;off&#8221; global_colors_info=&#8221;{}&#8221;][\/et_pb_image][\/et_pb_column][\/et_pb_section][et_pb_section fb_built=&#8221;1&#8243; _builder_version=&#8221;4.27.4&#8243; _module_preset=&#8221;default&#8221; global_colors_info=&#8221;{}&#8221;][et_pb_row column_structure=&#8221;1_3,1_3,1_3&#8243; make_equal=&#8221;on&#8221; disabled_on=&#8221;on|on|off&#8221; admin_label=&#8221;Computer line&#8221; module_class=&#8221;ILD_row_80 ild_ligne_photos_300&#8243; _builder_version=&#8221;4.27.4&#8243; _module_preset=&#8221;default&#8221; hover_enabled=&#8221;0&#8243; global_colors_info=&#8221;{}&#8221; sticky_enabled=&#8221;0&#8243;][et_pb_column type=&#8221;1_3&#8243; module_class=&#8221;ILD_trois_blocs ILD_margin_r_10&#8243; _builder_version=&#8221;4.27.4&#8243; _module_preset=&#8221;default&#8221; global_colors_info=&#8221;{}&#8221;][et_pb_image src=&#8221;https:\/\/camping-premorjal.com\/wp-content\/uploads\/2026\/01\/img_salade_restaurant_camping_cevennes.jpg&#8221; alt=&#8221;Salad from Les Cayrelles restaurant-pizzeria at Le Pr\u00e9 Morjal campground in Loz\u00e8re&#8221; title_text=&#8221;Salad from Les Cayrelles restaurant-pizzeria at Le Pr\u00e9 Morjal campground in Loz\u00e8re&#8221; show_in_lightbox=&#8221;on&#8221; module_class=&#8221;ILD_height_610 ILD_border_radius_15 &#8221; _builder_version=&#8221;4.27.4&#8243; _module_preset=&#8221;default&#8221; animation_style=&#8221;slide&#8221; animation_direction=&#8221;left&#8221; global_colors_info=&#8221;{}&#8221;][\/et_pb_image][\/et_pb_column][et_pb_column type=&#8221;1_3&#8243; module_class=&#8221;ILD_trois_blocs ILD_margin_r_10&#8243; _builder_version=&#8221;4.27.4&#8243; _module_preset=&#8221;default&#8221; global_colors_info=&#8221;{}&#8221;][et_pb_image src=&#8221;https:\/\/camping-premorjal.com\/wp-content\/uploads\/2026\/01\/img_soiree_animation_camping_3_etoiles.jpg&#8221; alt=&#8221;Evening entertainment at the 3-star campsite in Ispagnac, Loz\u00e8re&#8221; title_text=&#8221;Evening entertainment at the 3-star campsite in Ispagnac, Loz\u00e8re&#8221; show_in_lightbox=&#8221;on&#8221; module_class=&#8221;ILD_height_300 ILD_margin_b_10 ILD_border_radius_15 &#8221; _builder_version=&#8221;4.27.4&#8243; _module_preset=&#8221;default&#8221; animation_style=&#8221;slide&#8221; animation_direction=&#8221;top&#8221; global_colors_info=&#8221;{}&#8221;][\/et_pb_image][et_pb_image src=&#8221;https:\/\/camping-premorjal.com\/wp-content\/uploads\/2026\/01\/img_pizza_pizzeria_camping_ispagnac.jpg&#8221; alt=&#8221;Pizza from Les Cayrelles pizzeria at the campsite near C\u00e9vennes National Park&#8221; title_text=&#8221;Pizza from Les Cayrelles pizzeria at the campsite near C\u00e9vennes National Park&#8221; show_in_lightbox=&#8221;on&#8221; module_class=&#8221;ILD_height_300 ILD_margin_b_10 ILD_border_radius_15 &#8221; _builder_version=&#8221;4.27.4&#8243; _module_preset=&#8221;default&#8221; animation_style=&#8221;slide&#8221; animation_direction=&#8221;bottom&#8221; global_colors_info=&#8221;{}&#8221;][\/et_pb_image][\/et_pb_column][et_pb_column type=&#8221;1_3&#8243; module_class=&#8221;ILD_trois_blocs_margin_0 ILD_margin_r_null&#8221; _builder_version=&#8221;4.27.4&#8243; _module_preset=&#8221;default&#8221; global_colors_info=&#8221;{}&#8221;][et_pb_image src=&#8221;https:\/\/camping-premorjal.com\/wp-content\/uploads\/2026\/01\/img_animation_camping_ispagnac_lozere.jpg&#8221; alt=&#8221;Animation created at the Pr\u00e9 Morjal campsite in Ispagnac, Loz\u00e8re&#8221; title_text=&#8221;Animation created at the Pr\u00e9 Morjal campsite in Ispagnac, Loz\u00e8re&#8221; show_in_lightbox=&#8221;on&#8221; module_class=&#8221;ILD_height_610 ILD_border_radius_15 &#8221; _builder_version=&#8221;4.27.4&#8243; _module_preset=&#8221;default&#8221; animation_style=&#8221;slide&#8221; animation_direction=&#8221;right&#8221; global_colors_info=&#8221;{}&#8221;][\/et_pb_image][\/et_pb_column][\/et_pb_row][et_pb_row column_structure=&#8221;1_2,1_2&#8243; make_equal=&#8221;on&#8221; disabled_on=&#8221;off|off|on&#8221; admin_label=&#8221;Smartphone tablet line&#8221; module_class=&#8221;ILD_row_80 ild_ligne_deux_photos_responsive ild_padding_b_null_responsive ild_images_height_400&#8243; _builder_version=&#8221;4.27.4&#8243; _module_preset=&#8221;default&#8221; locked=&#8221;off&#8221; global_colors_info=&#8221;{}&#8221;][et_pb_column type=&#8221;1_2&#8243; module_class=&#8221;ILD_margin_b_10&#8243; _builder_version=&#8221;4.27.4&#8243; _module_preset=&#8221;default&#8221; global_colors_info=&#8221;{}&#8221;][et_pb_image src=&#8221;https:\/\/camping-premorjal.com\/wp-content\/uploads\/2026\/01\/img_salade_restaurant_camping_cevennes.jpg&#8221; alt=&#8221;Salad from Les Cayrelles restaurant-pizzeria at Le Pr\u00e9 Morjal campground in Loz\u00e8re&#8221; title_text=&#8221;Salad from Les Cayrelles restaurant-pizzeria at Le Pr\u00e9 Morjal campground in Loz\u00e8re&#8221; show_in_lightbox=&#8221;on&#8221; module_class=&#8221;ILD_height_610 ILD_border_radius_15 &#8221; _builder_version=&#8221;4.27.4&#8243; _module_preset=&#8221;default&#8221; animation_style=&#8221;slide&#8221; animation_direction=&#8221;left&#8221; global_colors_info=&#8221;{}&#8221;][\/et_pb_image][\/et_pb_column][et_pb_column type=&#8221;1_2&#8243; module_class=&#8221;ILD_margin_b_10&#8243; _builder_version=&#8221;4.27.4&#8243; _module_preset=&#8221;default&#8221; global_colors_info=&#8221;{}&#8221;][et_pb_image src=&#8221;https:\/\/camping-premorjal.com\/wp-content\/uploads\/2026\/01\/img_animation_camping_ispagnac_lozere.jpg&#8221; alt=&#8221;Animation created at the Pr\u00e9 Morjal campsite in Ispagnac, Loz\u00e8re&#8221; title_text=&#8221;Animation created at the Pr\u00e9 Morjal campsite in Ispagnac, Loz\u00e8re&#8221; show_in_lightbox=&#8221;on&#8221; module_class=&#8221;ILD_height_610 ILD_border_radius_15 &#8221; _builder_version=&#8221;4.27.4&#8243; _module_preset=&#8221;default&#8221; animation_style=&#8221;slide&#8221; animation_direction=&#8221;right&#8221; global_colors_info=&#8221;{}&#8221;][\/et_pb_image][\/et_pb_column][\/et_pb_row][et_pb_row disabled_on=&#8221;off|off|on&#8221; admin_label=&#8221;Smartphone tablet line&#8221; module_class=&#8221;ILD_padding_t_0 ild_images_height_200&#8243; _builder_version=&#8221;4.27.4&#8243; _module_preset=&#8221;default&#8221; locked=&#8221;off&#8221; global_colors_info=&#8221;{}&#8221;][et_pb_column type=&#8221;4_4&#8243; _builder_version=&#8221;4.27.4&#8243; _module_preset=&#8221;default&#8221; global_colors_info=&#8221;{}&#8221;][et_pb_image src=&#8221;https:\/\/camping-premorjal.com\/wp-content\/uploads\/2026\/01\/img_soiree_animation_camping_3_etoiles.jpg&#8221; alt=&#8221;Evening entertainment at the 3-star campsite in Ispagnac, Loz\u00e8re&#8221; title_text=&#8221;Evening entertainment at the 3-star campsite in Ispagnac, Loz\u00e8re&#8221; show_in_lightbox=&#8221;on&#8221; module_class=&#8221;ILD_height_300 ILD_margin_b_10 ILD_border_radius_15 &#8221; _builder_version=&#8221;4.27.4&#8243; _module_preset=&#8221;default&#8221; animation_style=&#8221;slide&#8221; animation_direction=&#8221;top&#8221; global_colors_info=&#8221;{}&#8221;][\/et_pb_image][et_pb_image src=&#8221;https:\/\/camping-premorjal.com\/wp-content\/uploads\/2026\/01\/img_pizza_pizzeria_camping_ispagnac.jpg&#8221; alt=&#8221;Pizza from Les Cayrelles pizzeria at the campsite near C\u00e9vennes National Park&#8221; title_text=&#8221;Pizza from Les Cayrelles pizzeria at the campsite near C\u00e9vennes National Park&#8221; show_in_lightbox=&#8221;on&#8221; module_class=&#8221;ILD_height_300 ILD_margin_b_10 ILD_border_radius_15 &#8221; _builder_version=&#8221;4.27.4&#8243; _module_preset=&#8221;default&#8221; animation_style=&#8221;slide&#8221; animation_direction=&#8221;bottom&#8221; global_colors_info=&#8221;{}&#8221;][\/et_pb_image][\/et_pb_column][\/et_pb_row][\/et_pb_section][et_pb_section fb_built=&#8221;1&#8243; _builder_version=&#8221;4.27.4&#8243; _module_preset=&#8221;default&#8221; locked=&#8221;off&#8221; global_colors_info=&#8221;{}&#8221;][et_pb_row column_structure=&#8221;1_2,1_2&#8243; module_class=&#8221;ILD_row_80&#8243; _builder_version=&#8221;4.27.4&#8243; _module_preset=&#8221;default&#8221; global_colors_info=&#8221;{}&#8221;][et_pb_column type=&#8221;1_2&#8243; _builder_version=&#8221;4.27.4&#8243; _module_preset=&#8221;default&#8221; global_colors_info=&#8221;{}&#8221;][et_pb_text module_class=&#8221;ILD_font_size_50 ILD_texte_vert_clair ILD_texte_font_alegreya ILD_texte_gras ILD_texte_majuscule ILD_font_size_80 ILD_animation_arbres_sous&#8221; _builder_version=&#8221;4.27.4&#8243; _module_preset=&#8221;default&#8221; animation_style=&#8221;slide&#8221; animation_direction=&#8221;left&#8221; global_colors_info=&#8221;{}&#8221;]<\/p>\n<p class=\"ILD_margin_r_15 ILD_margin_b_negatif_5\" style=\"text-align: right;\">Restaurant<\/p>\n<h2 style=\"text-align: right;\">Les Cayrelles pizzeria: simple, generous cuisine<\/h2>\n<p>[\/et_pb_text][\/et_pb_column][et_pb_column type=&#8221;1_2&#8243; _builder_version=&#8221;4.27.4&#8243; _module_preset=&#8221;default&#8221; global_colors_info=&#8221;{}&#8221;][et_pb_text _builder_version=&#8221;4.27.4&#8243; _module_preset=&#8221;default&#8221; global_colors_info=&#8221;{}&#8221;]<\/p>\n<p><strong>Les Cayrelles pizzeria<\/strong> offers a varied menu, ideal for satisfying all tastes. You can enjoy: <\/p>\n<ul>\n<li>artisan pizzas made with homemade dough,<\/li>\n<li>Aubrac meats,<\/li>\n<li>burgers,<\/li>\n<li>French fries and simple, delicious dishes,<\/li>\n<li>as well as salads.<\/li>\n<\/ul>\n<p>The recipes showcase as many products as possible from our beautiful Loz\u00e8re department, resulting in accessible cuisine that is perfect for <strong>convivial meals in a \u201ccamping\u201d spirit<\/strong>. The original names of the pizzas also introduce you to some expressions from the Loz\u00e8re dialect, adding a local and authentic touch that we will be happy to explain to you! <\/p>\n<p>[\/et_pb_text][\/et_pb_column][\/et_pb_row][\/et_pb_section][et_pb_section fb_built=&#8221;1&#8243; module_class=&#8221;ILD_background_vert_fonce&#8221; _builder_version=&#8221;4.27.4&#8243; _module_preset=&#8221;default&#8221; background_enable_image=&#8221;off&#8221; locked=&#8221;off&#8221; global_colors_info=&#8221;{}&#8221;][et_pb_row module_class=&#8221;ILD_row_80&#8243; _builder_version=&#8221;4.27.4&#8243; _module_preset=&#8221;default&#8221; global_colors_info=&#8221;{}&#8221;][et_pb_column type=&#8221;4_4&#8243; _builder_version=&#8221;4.27.4&#8243; _module_preset=&#8221;default&#8221; global_colors_info=&#8221;{}&#8221;][et_pb_text module_class=&#8221;ILD_font_size_50 ILD_titre_font_sansita ILD_texte_gras ILD_font_size_80 ILD_titre_blanc &#8221; _builder_version=&#8221;4.27.4&#8243; _module_preset=&#8221;default&#8221; global_colors_info=&#8221;{}&#8221;]<\/p>\n<h2 style=\"text-align: left;\">Everything you need to know about our camping restaurant area<\/h2>\n<p>[\/et_pb_text][\/et_pb_column][\/et_pb_row][et_pb_row module_class=&#8221;ILD_row_80 ILD_padding_b_0 ILD_margin_b_10&#8243; _builder_version=&#8221;4.27.4&#8243; _module_preset=&#8221;default&#8221; global_colors_info=&#8221;{}&#8221;][et_pb_column type=&#8221;4_4&#8243; module_class=&#8221;ILD_display_flex ild_colonne_trois_blocs&#8221; _builder_version=&#8221;4.27.4&#8243; _module_preset=&#8221;default&#8221; global_colors_info=&#8221;{}&#8221;][et_pb_code module_class=&#8221;ILD_trois_blocs ILD_margin_r_10 ILD_titre_blanc ILD_texte_blanc ILD_background_blanc_50  ILD_box_shadow_blanc  ILD_border_radius_15 ILD_padding_20 ILD_margin_r_10 ILD_margin_b_0&#8243; _builder_version=&#8221;4.27.4&#8243; _module_preset=&#8221;default&#8221; animation_style=&#8221;slide&#8221; animation_direction=&#8221;top&#8221; global_colors_info=&#8221;{}&#8221;]<div class=\"et_pb_module et_pb_toggle et_pb_toggle_item et_pb_toggle_close et_had_animation ild_toogle_1\"><h2 class=\"et_pb_toggle_title\">From what time can we come for dinner?<\/h2><div class=\"et_pb_toggle_content clearfix\"><p>The <strong>pizzeria at Le Pr\u00e9 Morjal campsite <\/strong>is open in the evenings, generally from early evening during the summer season.<\/div><\/div><script type=\"application\/ld+json\">{\n    \"@context\": \"https:\/\/schema.org\",\n    \"@type\": \"FAQPage\",\n    \"mainEntity\": [\n        {\n            \"@type\": \"Question\",\n            \"name\": \"\u00c0 partir de quelle heure peut-on venir d\u00eener ?\",\n            \"acceptedAnswer\": {\n                \"@type\": \"Answer\",\n                \"text\": \"La pizzeria du camping Le Pr\u00e9 Morjal est ouverte le soir, g\u00e9n\u00e9ralement \u00e0 partir du d\u00e9but de la soir\u00e9e pendant la saison estivale.\"\n            }\n        }\n    ]\n}<\/script>[\/et_pb_code][et_pb_image src=&#8221;https:\/\/camping-premorjal.com\/wp-content\/uploads\/2026\/01\/img_animation_soiree_camping_ispagnac.jpg&#8221; alt=&#8221;Le Pr\u00e9 Morjal campsite organizes lively evenings at the restaurant and pizzeria. &#8221; title_text=&#8221;Le Pr\u00e9 Morjal campsite organizes lively evenings at the restaurant and pizzeria. &#8221; show_in_lightbox=&#8221;on&#8221; module_class=&#8221;ILD_border_radius_15 ILD_margin_r_10 ILD_margin_b_0 ILD_trois_blocs ILD_margin_r_10 ILD_bloc_img_height_100 ild_image_normale_responsive&#8221; _builder_version=&#8221;4.27.4&#8243; _module_preset=&#8221;default&#8221; global_colors_info=&#8221;{}&#8221;][\/et_pb_image][et_pb_code module_class=&#8221;ILD_trois_blocs ILD_titre_blanc ILD_texte_blanc ILD_background_blanc_50  ILD_box_shadow_blanc  ILD_border_radius_15 ILD_padding_20 ILD_margin_r_10 ILD_margin_b_0&#8243; _builder_version=&#8221;4.27.4&#8243; _module_preset=&#8221;default&#8221; animation_style=&#8221;slide&#8221; animation_direction=&#8221;top&#8221; global_colors_info=&#8221;{}&#8221;]<div class=\"et_pb_module et_pb_toggle et_pb_toggle_item et_pb_toggle_close et_had_animation ild_toogle_1\"><h2 class=\"et_pb_toggle_title\">Do you offer dishes suitable for children?<\/h2><div class=\"et_pb_toggle_content clearfix\"><p>Yes, the <strong>pizzeria at Le Pr\u00e9 Morjal campsite<\/strong> offers a children's menu with simple dishes that are popular with little ones, such as pizzas, fries, or burgers, perfectly suited for family meals.<\/p><\/div><\/div><script type=\"application\/ld+json\">{\n    \"@context\": \"https:\/\/schema.org\",\n    \"@type\": \"FAQPage\",\n    \"mainEntity\": [\n        {\n            \"@type\": \"Question\",\n            \"name\": \"Proposez-vous des plats adapt\u00e9s aux enfants ?\",\n            \"acceptedAnswer\": {\n                \"@type\": \"Answer\",\n                \"text\": \"Oui, la pizzeria du camping Le Pr\u00e9 Morjal propose un menu enfant avec des plats simples et appr\u00e9ci\u00e9s par les plus petits, tels que des pizzas, des frites ou des burgers, parfaitement adapt\u00e9s aux repas en famille.\"\n            }\n        }\n    ]\n}<\/script>[\/et_pb_code][\/et_pb_column][\/et_pb_row][et_pb_row module_class=&#8221;ILD_row_80 ILD_padding_b_0 ILD_margin_b_10 ILD_padding_t_0&#8243; _builder_version=&#8221;4.27.4&#8243; _module_preset=&#8221;default&#8221; global_colors_info=&#8221;{}&#8221;][et_pb_column type=&#8221;4_4&#8243; module_class=&#8221;ILD_display_flex ild_colonne_trois_blocs&#8221; _builder_version=&#8221;4.27.4&#8243; _module_preset=&#8221;default&#8221; global_colors_info=&#8221;{}&#8221;][et_pb_image src=&#8221;https:\/\/camping-premorjal.com\/wp-content\/uploads\/2026\/01\/img_espace_restauration_caming_lozere.jpg&#8221; alt=&#8221;Pasta dish prepared by the restaurant at the 3-star Le Pr\u00e9 Morjal campsite&#8221; title_text=&#8221;Pasta dish prepared by the restaurant at the 3-star Le Pr\u00e9 Morjal campsite&#8221; show_in_lightbox=&#8221;on&#8221; module_class=&#8221;ILD_border_radius_15 ILD_margin_r_10 ILD_margin_b_0 ILD_trois_blocs ILD_margin_r_10 ILD_bloc_img_height_100 ild_image_normale_responsive&#8221; _builder_version=&#8221;4.27.4&#8243; _module_preset=&#8221;default&#8221; global_colors_info=&#8221;{}&#8221;][\/et_pb_image][et_pb_code module_class=&#8221;ILD_trois_blocs ILD_margin_r_10 ILD_titre_blanc ILD_texte_blanc ILD_background_blanc_50  ILD_box_shadow_blanc  ILD_border_radius_15 ILD_padding_20 ILD_margin_r_10 ILD_margin_b_0&#8243; _builder_version=&#8221;4.27.4&#8243; _module_preset=&#8221;default&#8221; animation_style=&#8221;slide&#8221; animation_direction=&#8221;bottom&#8221; global_colors_info=&#8221;{}&#8221;]<p>FAQ non sp\u00e9cifi\u00e9e.<\/p>[\/et_pb_code][et_pb_image src=&#8221;https:\/\/camping-premorjal.com\/wp-content\/uploads\/2026\/01\/img_pizza_restaurant_camping_ispagnac.jpg&#8221; alt=&#8221;Pizza from Les Cayrelles pizzeria in Ispagnac, Loz\u00e8re&#8221; title_text=&#8221;Pizza from Les Cayrelles pizzeria in Ispagnac, Loz\u00e8re&#8221; show_in_lightbox=&#8221;on&#8221; module_class=&#8221;ILD_border_radius_15 ILD_margin_r_10 ILD_margin_b_0 ILD_trois_blocs ILD_bloc_img_height_100 ild_image_normale_responsive&#8221; _builder_version=&#8221;4.27.4&#8243; _module_preset=&#8221;default&#8221; global_colors_info=&#8221;{}&#8221;][\/et_pb_image][\/et_pb_column][\/et_pb_row][\/et_pb_section]<\/p>\n","protected":false},"excerpt":{"rendered":"<p>Les Cayrelles restaurant at Le Pr\u00e9 Morjal campsite &nbsp; During your stay at Le Pr\u00e9 Morjal campsite, enjoy our on-site restaurant, open to all guests staying in tents, chalets, mobile homes, or on pitches, as well as to anyone outside the campsite who would like to try our delicious pizzas.It is advisable to book in [&hellip;]<\/p>\n","protected":false},"author":1,"featured_media":0,"parent":0,"menu_order":0,"comment_status":"closed","ping_status":"closed","template":"","meta":{"_et_pb_use_builder":"on","_et_pb_old_content":"","_et_gb_content_width":"","footnotes":""},"class_list":["post-3038","page","type-page","status-publish","hentry"],"_links":{"self":[{"href":"https:\/\/camping-premorjal.com\/en\/wp-json\/wp\/v2\/pages\/3038","targetHints":{"allow":["GET"]}}],"collection":[{"href":"https:\/\/camping-premorjal.com\/en\/wp-json\/wp\/v2\/pages"}],"about":[{"href":"https:\/\/camping-premorjal.com\/en\/wp-json\/wp\/v2\/types\/page"}],"author":[{"embeddable":true,"href":"https:\/\/camping-premorjal.com\/en\/wp-json\/wp\/v2\/users\/1"}],"replies":[{"embeddable":true,"href":"https:\/\/camping-premorjal.com\/en\/wp-json\/wp\/v2\/comments?post=3038"}],"version-history":[{"count":10,"href":"https:\/\/camping-premorjal.com\/en\/wp-json\/wp\/v2\/pages\/3038\/revisions"}],"predecessor-version":[{"id":3188,"href":"https:\/\/camping-premorjal.com\/en\/wp-json\/wp\/v2\/pages\/3038\/revisions\/3188"}],"wp:attachment":[{"href":"https:\/\/camping-premorjal.com\/en\/wp-json\/wp\/v2\/media?parent=3038"}],"curies":[{"name":"wp","href":"https:\/\/api.w.org\/{rel}","templated":true}]}}